{"id":16059,"date":"2018-02-12T18:01:41","date_gmt":"2018-02-12T15:01:41","guid":{"rendered":"http:\/\/localhost\/new_ccifr\/?page_id=16059"},"modified":"2020-10-23T10:47:24","modified_gmt":"2020-10-23T07:47:24","slug":"l-observatoire","status":"publish","type":"page","link":"https:\/\/www.ccifr.ru\/fr\/l-observatoire","title":{"rendered":"L&rsquo;Observatoire"},"content":{"rendered":"<div id=\"pl-16059\"  class=\"panel-layout\" ><div id=\"pg-16059-0\"  class=\"panel-grid panel-no-style\" ><div id=\"pgc-16059-0-0\"  class=\"panel-grid-cell\" ><div id=\"panel-16059-0-0-0\" class=\"so-panel widget widget_sow-image panel-first-child\" data-index=\"0\" ><div\n\t\t\t\n\t\t\tclass=\"so-widget-sow-image so-widget-sow-image-default-6b88c04c1f9b-16059\"\n\t\t\t\n\t\t>\n\n<div class=\"sow-image-container\">\n\t\t\t<a href=\"http:\/\/www.obsfr.ru\/fr\"\n\t\t\ttarget=\"_blank\" rel=\"noopener noreferrer\" \t\t>\n\t\t\t<img src=\"https:\/\/www.ccifr.ru\/wp-content\/uploads\/2019\/10\/Observo_fr_Logo_320x200-300x123.jpg\" width=\"300\" height=\"123\" srcset=\"https:\/\/www.ccifr.ru\/wp-content\/uploads\/2019\/10\/Observo_fr_Logo_320x200-300x123.jpg 300w, https:\/\/www.ccifr.ru\/wp-content\/uploads\/2019\/10\/Observo_fr_Logo_320x200-150x62.jpg 150w, https:\/\/www.ccifr.ru\/wp-content\/uploads\/2019\/10\/Observo_fr_Logo_320x200.jpg 487w\" sizes=\"(max-width: 300px) 100vw, 300px\" alt=\"\" loading=\"lazy\" \t\tclass=\"so-widget-image\"\/>\n\t<\/a><\/div>\n\n<\/div><\/div><div id=\"panel-16059-0-0-1\" class=\"so-panel widget widget_sow-editor panel-last-child\" data-index=\"1\" ><div\n\t\t\t\n\t\t\tclass=\"so-widget-sow-editor so-widget-sow-editor-base\"\n\t\t\t\n\t\t>\n<div class=\"siteorigin-widget-tinymce textwidget\">\n\t<p><strong>L\u2019Observatoire est un think tank<\/strong>\u00a0qui a pour vocation de produire une expertise approfondie sur la Russie, ainsi que de promouvoir une meilleure connaissance des r\u00e9alit\u00e9s fran\u00e7aises aupr\u00e8s des \u00e9lites politiques et \u00e9conomiques russes.<\/p>\n<h3>L\u2019Observatoire<\/h3>\n<ul>\n<li>R\u00e9alise l\u2019expertise la plus compl\u00e8te possible des processus politiques et \u00e9conomiques russes.<\/li>\n<li>D\u00e9crypte les \u00e9v\u00e9nements se d\u00e9roulant en France.<\/li>\n<li>Publie un Rapport annuel sur l\u2019\u00e9tat de la Russie.<\/li>\n<li>Edite r\u00e9guli\u00e8rement des notes d\u2019analyse.<\/li>\n<li>Fournit aux m\u00e9dias russes et fran\u00e7ais des \u00e9clairages sur l\u2019actualit\u00e9.<\/li>\n<li>Organise en France et en Russie divers \u00e9v\u00e9nements (conf\u00e9rences, petits d\u00e9jeuners d\u2019affaires) en pr\u00e9sence de personnalit\u00e9s influentes.<\/li>\n<li>Met son expertise \u00e0 la disposition des entreprises membres de la Chambre de commerce et d\u2019industrie franco-russe (CCI France Russie).<\/li>\n<li>Collabore et r\u00e9alise des projets communs avec des institutions russes et fran\u00e7aises reconnues, telles que le Centre d\u2019analyse des strat\u00e9gies et technologies (CAST), le Conseil russe pour les affaires internationales, le Haut Coll\u00e8ge d\u2019\u00e9conomie, le Conseil de politique ext\u00e9rieure et de d\u00e9fense (SVOP), l\u2019IRIS, le MEDEF, le Cercle Kondratieff et bien d\u2019autres.<\/li>\n<\/ul>\n<p>Pour tous renseignements relatifs aux activit\u00e9s de l\u2019Observatoire franco-russe, veuillez nous contacter par t\u00e9l\u00e9phone +7 (495) 721-38-28 ou par e-mail\u00a0<a href=\"mailto:observo@ccifr.ru\">observo@ccifr.ru<\/a><\/p>\n<p>Le site:\u00a0<a href=\"https:\/\/fr.obsfr.ru\/\" target=\"_blank\" rel=\"noopener\">https:\/\/fr.obsfr.ru\/<\/a><\/p>\n<\/div>\n<\/div><\/div><\/div><\/div><\/div>","protected":false},"excerpt":{"rendered":"<p>L\u2019Observatoire est un think tank\u00a0qui a pour vocation de produire une expertise approfondie sur la Russie, ainsi que de promouvoir &hellip;<\/p>\n","protected":false},"author":2,"featured_media":138394,"parent":0,"menu_order":0,"comment_status":"closed","ping_status":"closed","template":"pages\/layout.php","meta":{"inline_featured_image":false},"_links":{"self":[{"href":"https:\/\/www.ccifr.ru\/fr\/wp-json\/wp\/v2\/pages\/16059"}],"collection":[{"href":"https:\/\/www.ccifr.ru\/fr\/wp-json\/wp\/v2\/pages"}],"about":[{"href":"https:\/\/www.ccifr.ru\/fr\/wp-json\/wp\/v2\/types\/page"}],"author":[{"embeddable":true,"href":"https:\/\/www.ccifr.ru\/fr\/wp-json\/wp\/v2\/users\/2"}],"replies":[{"embeddable":true,"href":"https:\/\/www.ccifr.ru\/fr\/wp-json\/wp\/v2\/comments?post=16059"}],"version-history":[{"count":0,"href":"https:\/\/www.ccifr.ru\/fr\/wp-json\/wp\/v2\/pages\/16059\/revisions"}],"wp:featuredmedia":[{"embeddable":true,"href":"https:\/\/www.ccifr.ru\/fr\/wp-json\/wp\/v2\/media\/138394"}],"wp:attachment":[{"href":"https:\/\/www.ccifr.ru\/fr\/wp-json\/wp\/v2\/media?parent=16059"}],"curies":[{"name":"wp","href":"https:\/\/api.w.org\/{rel}","templated":true}]}}