{"id":16091,"date":"2018-02-13T14:43:47","date_gmt":"2018-02-13T11:43:47","guid":{"rendered":"https:\/\/www.ccifr.ru\/?page_id=16091"},"modified":"2018-04-17T18:24:22","modified_gmt":"2018-04-17T15:24:22","slug":"presentation","status":"publish","type":"page","link":"https:\/\/www.ccifr.ru\/fr\/ward\/presentation","title":{"rendered":"Pr\u00e9sentation"},"content":{"rendered":"La mission du\u00a0<strong>Groupe CCI France Russie<\/strong>\u00a0vise \u00e0 renforcer les relations \u00e9conomiques et commerciales entre la France et la Russie, favoriser les investissements crois\u00e9s, encourager un dialogue constructif et contribuer \u00e0 mieux faire comprendre les r\u00e9alit\u00e9s fran\u00e7aises et russes.\r\n\r\nLe\u00a0<strong>Groupe CCI France Russie<\/strong>\u00a0participe aux succ\u00e8s de ses membres en :\r\n<ul>\r\n \t<li>les f\u00e9d\u00e9rant au sein d\u2019un r\u00e9seau fort, cr\u00e9ateur de nouvelles opportunit\u00e9s, gr\u00e2ce aux activit\u00e9s men\u00e9es par la\u00a0<strong>Chambre de Commerce et d\u2019industrie franco-russe\u00a0<\/strong>;<\/li>\r\n \t<li>d\u00e9fendant leurs int\u00e9r\u00eats aupr\u00e8s des d\u00e9cideurs cl\u00e9s, autorit\u00e9s russes et fran\u00e7aises, avec l\u2019action du\u00a0<a href=\"http:\/\/www.ccifr.ru\/fr\/le-conseil-economique\" target=\"_blank\" rel=\"noopener\">Conseil \u00c9conomique<\/a>\u00a0;<\/li>\r\n \t<li>leur offrant un d\u00e9cryptage pr\u00e9cis du march\u00e9 russe et de l\u2019actualit\u00e9 \u00e9conomique et politique, propos\u00e9 par l\u2019<a href=\"http:\/\/obsfr.ru\/fr.html\" target=\"_blank\" rel=\"noopener\">Observatoire franco-russe<\/a>, think tank de la CCI France Russie.<\/li>\r\n<\/ul>\r\n<h2>LA CCI FRANCE RUSSIE VOUS ACCOMPAGNE AU QUOTIDIEN<\/h2>\r\nLa vision et les valeurs de la CCI France Russie illustrent notre engagement envers nos membres et plus largement envers la communaut\u00e9 d\u2019affaires franco-russe.\r\n\r\n<strong>NOTRE VISION<\/strong>\r\n\r\n\u00catre la structure bilat\u00e9rale de r\u00e9f\u00e9rence de la relation \u00e9conomique franco-russe et le partenaire cl\u00e9 de la communaut\u00e9 d\u2019affaires.\r\n<h2><strong>NOS VALEURS<\/strong><\/h2>\r\n<ul>\r\n \t<li>\u00c0 l\u2019\u00e9coute de nos membres : les membres constituent le c\u0153ur de la CCI France Russie.<\/li>\r\n \t<li>L\u2019esprit d\u2019\u00e9quipe : se rassembler, \u00e9changer et avancer ensemble.<\/li>\r\n \t<li>L\u2019ouverture : une volont\u00e9 de rapprocher la France et la Russie et de s\u2019inscrire durablement dans le paysage franco-russe.<\/li>\r\n \t<li>Le sens de l\u2019action : anticiper, accompagner, innover.<\/li>\r\n \t<li>La recherche de l\u2019excellence.<\/li>\r\n<\/ul>\r\nLa Chambre de commerce et d\u2019industrie franco-russe est pr\u00e9sente \u00e0 Moscou depuis 1997, date de la cr\u00e9ation de l\u2019Association \u00ab\u00a0Club France\u00a0\u00bb : le Club d\u2019affaires a naturellement \u00e9volu\u00e9 en Chambre de commerce et d\u2019industrie, en rejoignant en 2006 le groupement CCI France International, premier r\u00e9seau priv\u00e9 d&rsquo;entreprises fran\u00e7aises dans le monde, repr\u00e9sent\u00e9 dans 85 pays et r\u00e9unissant plus de 32 000 entreprises.\r\n\r\nAvec plus de 450 entreprises membres, dont 35 entreprises du CAC 40 et des centaines de PME issues de divers secteurs d\u2019activit\u00e9, la CCI France Russie est aujourd\u2019hui le premier r\u00e9seau d\u2019entreprises fran\u00e7aises en Russie. Elle suit une croissance dynamique (20% de membres en plus chaque ann\u00e9e) et est devenue une des cinq plus grandes chambres de commerce fran\u00e7aises \u00e0 l\u2019\u00e9tranger.\r\n\r\nAnim\u00e9e par une \u00e9quipe d\u2019une cinquantaine de collaborateurs permanents sous l\u2019autorit\u00e9 de 18 administrateurs b\u00e9n\u00e9voles, la CCI France Russie est une association \u00e0 but non lucratif essentiellement financ\u00e9e par les cotisations de ses adh\u00e9rents. Ne b\u00e9n\u00e9ficiant d\u2019aucune subvention publique et n\u2019\u00e9tant soumise \u00e0 aucune tutelle administrative, la CCI France Russie est la voix l\u00e9gitime, objective et ind\u00e9pendante de la communaut\u00e9 d\u2019affaires franco-russe.\r\n\r\n<img decoding=\"async\" loading=\"lazy\" src=\"https:\/\/www.ccifr.ru\/sites\/default\/files\/palata_main-1_0.png\" alt=\"\" width=\"251\" height=\"167\" \/>\u00a0 \u00a0 \u00a0 \u00a0 \u00a0 \u00a0\u00a0<img decoding=\"async\" loading=\"lazy\" src=\"https:\/\/www.ccifr.ru\/sites\/default\/files\/palata_main-2_0.png\" alt=\"\" width=\"149\" height=\"167\" \/>\u00a0 \u00a0 \u00a0 \u00a0 \u00a0 \u00a0\u00a0<img decoding=\"async\" loading=\"lazy\" src=\"https:\/\/www.ccifr.ru\/sites\/default\/files\/palata_main-3_0.png\" alt=\"\" width=\"251\" height=\"167\" \/>\r\n\r\n&nbsp;\r\n<h2>20-\u041b\u0415\u0422\u0418\u0415 CCI FRANCE RUSSIE<\/h2>\r\n<iframe loading=\"lazy\" src=\"http:\/\/www.youtube.com\/embed\/pYRBcKa7hyE\" width=\"854\" height=\"480\" frameborder=\"0\" data-mce-fragment=\"1\"><\/iframe>","protected":false},"excerpt":{"rendered":"<p>La mission du\u00a0Groupe CCI France Russie\u00a0vise \u00e0 renforcer les relations \u00e9conomiques et commerciales entre la France et la Russie, favoriser &hellip;<\/p>\n","protected":false},"author":2,"featured_media":0,"parent":23761,"menu_order":0,"comment_status":"closed","ping_status":"closed","template":"","meta":{"inline_featured_image":false},"_links":{"self":[{"href":"https:\/\/www.ccifr.ru\/fr\/wp-json\/wp\/v2\/pages\/16091"}],"collection":[{"href":"https:\/\/www.ccifr.ru\/fr\/wp-json\/wp\/v2\/pages"}],"about":[{"href":"https:\/\/www.ccifr.ru\/fr\/wp-json\/wp\/v2\/types\/page"}],"author":[{"embeddable":true,"href":"https:\/\/www.ccifr.ru\/fr\/wp-json\/wp\/v2\/users\/2"}],"replies":[{"embeddable":true,"href":"https:\/\/www.ccifr.ru\/fr\/wp-json\/wp\/v2\/comments?post=16091"}],"version-history":[{"count":0,"href":"https:\/\/www.ccifr.ru\/fr\/wp-json\/wp\/v2\/pages\/16091\/revisions"}],"up":[{"embeddable":true,"href":"https:\/\/www.ccifr.ru\/fr\/wp-json\/wp\/v2\/pages\/23761"}],"wp:attachment":[{"href":"https:\/\/www.ccifr.ru\/fr\/wp-json\/wp\/v2\/media?parent=16091"}],"curies":[{"name":"wp","href":"https:\/\/api.w.org\/{rel}","templated":true}]}}