{"id":16383,"date":"2018-02-14T17:12:08","date_gmt":"2018-02-14T14:12:08","guid":{"rendered":"https:\/\/www.ccifr.ru\/?page_id=16383"},"modified":"2022-03-24T12:24:28","modified_gmt":"2022-03-24T09:24:28","slug":"contacts","status":"publish","type":"page","link":"https:\/\/www.ccifr.ru\/fr\/ward\/contacts","title":{"rendered":"Contacts"},"content":{"rendered":"<div id=\"pl-16383\"  class=\"panel-layout\" ><div id=\"pg-16383-0\"  class=\"panel-grid panel-no-style\" ><div id=\"pgc-16383-0-0\"  class=\"panel-grid-cell\" ><div id=\"panel-16383-0-0-0\" class=\"so-panel widget widget_sow-editor panel-first-child\" data-index=\"0\" ><div\n\t\t\t\n\t\t\tclass=\"so-widget-sow-editor so-widget-sow-editor-base\"\n\t\t\t\n\t\t><h3 class=\"widget-title\">10 Milioutinski per., b\u00e2t.1 101000 Moscou<\/h3>\n<div class=\"siteorigin-widget-tinymce textwidget\">\n\t<p><strong>T\u00e9l. :<\/strong>\u00a0+7 495 721-38-28<\/p>\n<p><strong>N\u2019h\u00e9sitez pas \u00e0 contacter notre \u00e9quipe par mail \u00e0 :<\/strong><\/p>\n<ul>\n<li><strong><a href=\"mailto:info@ccifr.ru\">info@ccifr.ru<\/a>\u00a0\u00a0<span style=\"text-decoration: underline;\">Pour toute demande g\u00e9n\u00e9rale<\/span><\/strong><\/li>\n<li><a href=\"mailto:hotline@ccifr.ru\">hotline@ccifr.ru<\/a>\u00a0\u00a0\u00ab Hotline \u00bb pour les questions urgentes <span style=\"text-decoration: underline;\">des soci\u00e9t\u00e9s membres<\/span> de la CCI France Russie<\/li>\n<li><a href=\"mailto:hr@ccifr.ru\">hr@ccifr.ru<\/a>\u00a0\u00a0Pour <span style=\"text-decoration: underline;\">une candidature<\/span> ou une demande concernant une recherche d'emploi<\/li>\n<\/ul>\n<\/div>\n<\/div><\/div><div id=\"panel-16383-0-0-1\" class=\"so-panel widget widget_sow-editor panel-last-child\" data-index=\"1\" ><div\n\t\t\t\n\t\t\tclass=\"so-widget-sow-editor so-widget-sow-editor-base\"\n\t\t\t\n\t\t><h3 class=\"widget-title\">Plan d'acc\u00e8s : <\/h3>\n<div class=\"siteorigin-widget-tinymce textwidget\">\n\t<p><iframe loading=\"lazy\" style=\"border: 0;\" src=\"https:\/\/www.google.com\/maps\/embed?pb=!1m18!1m12!1m3!1d561.1933008706337!2d37.63153064695643!3d55.762441892684244!2m3!1f0!2f0!3f0!3m2!1i1024!2i768!4f13.1!3m3!1m2!1s0x46b54a46af3e4c41%3A0x9fd99d8a9655f18e!2z0KTRgNCw0L3QutC-LdGA0L7RgdGB0LjQudGB0LrQsNGPINGC0L7RgNCz0L7QstC-LdC_0YDQvtC80YvRiNC70LXQvdC90LDRjyDQv9Cw0LvQsNGC0LAgKENDSSBGcmFuY2UgUnVzc2llKQ!5e0!3m2!1sen!2sru!4v1537878284238\" width=\"600\" height=\"450\" frameborder=\"0\" allowfullscreen=\"allowfullscreen\"><\/iframe><\/p>\n<\/div>\n<\/div><\/div><\/div><\/div><\/div>","protected":false},"excerpt":{"rendered":"<p>T\u00e9l. :\u00a0+7 495 721-38-28 N\u2019h\u00e9sitez pas \u00e0 contacter notre \u00e9quipe par mail \u00e0 : info@ccifr.ru\u00a0\u00a0Pour toute demande g\u00e9n\u00e9rale hotline@ccifr.ru\u00a0\u00a0\u00ab Hotline &hellip;<\/p>\n","protected":false},"author":2,"featured_media":0,"parent":23761,"menu_order":0,"comment_status":"closed","ping_status":"closed","template":"","meta":{"inline_featured_image":false},"_links":{"self":[{"href":"https:\/\/www.ccifr.ru\/fr\/wp-json\/wp\/v2\/pages\/16383"}],"collection":[{"href":"https:\/\/www.ccifr.ru\/fr\/wp-json\/wp\/v2\/pages"}],"about":[{"href":"https:\/\/www.ccifr.ru\/fr\/wp-json\/wp\/v2\/types\/page"}],"author":[{"embeddable":true,"href":"https:\/\/www.ccifr.ru\/fr\/wp-json\/wp\/v2\/users\/2"}],"replies":[{"embeddable":true,"href":"https:\/\/www.ccifr.ru\/fr\/wp-json\/wp\/v2\/comments?post=16383"}],"version-history":[{"count":0,"href":"https:\/\/www.ccifr.ru\/fr\/wp-json\/wp\/v2\/pages\/16383\/revisions"}],"up":[{"embeddable":true,"href":"https:\/\/www.ccifr.ru\/fr\/wp-json\/wp\/v2\/pages\/23761"}],"wp:attachment":[{"href":"https:\/\/www.ccifr.ru\/fr\/wp-json\/wp\/v2\/media?parent=16383"}],"curies":[{"name":"wp","href":"https:\/\/api.w.org\/{rel}","templated":true}]}}