{"id":262826,"date":"2023-02-10T16:48:25","date_gmt":"2023-02-10T13:48:25","guid":{"rendered":"https:\/\/www.ccifr.ru\/?page_id=262826"},"modified":"2023-02-10T17:11:12","modified_gmt":"2023-02-10T14:11:12","slug":"vinstitut","status":"publish","type":"page","link":"https:\/\/www.ccifr.ru\/fr\/vinstitut","title":{"rendered":"VINSTITUT"},"content":{"rendered":"<div id=\"pl-262826\"  class=\"panel-layout\" ><div id=\"pg-262826-0\"  class=\"panel-grid panel-no-style\" ><div id=\"pgc-262826-0-0\"  class=\"panel-grid-cell\" ><div id=\"panel-262826-0-0-0\" class=\"so-panel widget widget_sow-image panel-first-child\" data-index=\"0\" ><div\n\t\t\t\n\t\t\tclass=\"so-widget-sow-image so-widget-sow-image-default-6b88c04c1f9b-262826\"\n\t\t\t\n\t\t>\n\n<div class=\"sow-image-container\">\n\t\t\t<a href=\"http:\/\/vinstitut.com\/\"\n\t\t\ttarget=\"_blank\" rel=\"noopener noreferrer\" \t\t>\n\t\t\t<img src=\"https:\/\/www.ccifr.ru\/wp-content\/uploads\/2023\/02\/Screenshot_1-300x295.png\" width=\"300\" height=\"295\" srcset=\"https:\/\/www.ccifr.ru\/wp-content\/uploads\/2023\/02\/Screenshot_1-300x295.png 300w, https:\/\/www.ccifr.ru\/wp-content\/uploads\/2023\/02\/Screenshot_1-150x148.png 150w, https:\/\/www.ccifr.ru\/wp-content\/uploads\/2023\/02\/Screenshot_1.png 767w\" sizes=\"(max-width: 300px) 100vw, 300px\" alt=\"\" loading=\"lazy\" \t\tclass=\"so-widget-image\"\/>\n\t<\/a><\/div>\n\n<\/div><\/div><div id=\"panel-262826-0-0-1\" class=\"so-panel widget widget_sow-editor\" data-index=\"1\" ><div class=\"panel-widget-style panel-widget-style-for-262826-0-0-1\" ><div\n\t\t\t\n\t\t\tclass=\"so-widget-sow-editor so-widget-sow-editor-base\"\n\t\t\t\n\t\t>\n<div class=\"siteorigin-widget-tinymce textwidget\">\n\t<hr \/>\n<p style=\"text-align: center;\"><strong>\u00c0 PROPOS<\/strong><\/p>\n<hr \/>\n<p style=\"text-align: center;\">\n<\/div>\n<\/div><\/div><\/div><div id=\"panel-262826-0-0-2\" class=\"so-panel widget widget_sow-editor\" data-index=\"2\" ><div\n\t\t\t\n\t\t\tclass=\"so-widget-sow-editor so-widget-sow-editor-base\"\n\t\t\t\n\t\t>\n<div class=\"siteorigin-widget-tinymce textwidget\">\n\t<p>L'\u00e9cole ind\u00e9pendante du vin Vinstitut a \u00e9t\u00e9 fond\u00e9 sur la base de la Chambre de Commerce et d'Industrie France Russie (CCI France Russie).<\/p>\n<p>Les cours que nous proposons ne se limitent pas au seul vin fran\u00e7ais. \u00c0 l'institut, vous acquerrez des connaissances sur la viticulture mondiale \u00e0 travers le prisme du vin fran\u00e7ais, pris comme r\u00e9f\u00e9rence en termes de terroirs, de technologies et de savoir-faire.<\/p>\n<p>Le programme a \u00e9t\u00e9 con\u00e7u et est anim\u00e9 par des experts du vin parmi les plus c\u00e9l\u00e8bres en Russie.<\/p>\n<p>Nous ne vendons pas de vin, nous apprenons \u00e0 l\u2019aimer.<\/p>\n<\/div>\n<\/div><\/div><div id=\"panel-262826-0-0-3\" class=\"so-panel widget widget_sow-editor\" data-index=\"3\" ><div class=\"panel-widget-style panel-widget-style-for-262826-0-0-3\" ><div\n\t\t\t\n\t\t\tclass=\"so-widget-sow-editor so-widget-sow-editor-base\"\n\t\t\t\n\t\t>\n<div class=\"siteorigin-widget-tinymce textwidget\">\n\t<hr \/>\n<p style=\"text-align: center;\"><strong>LE COLL\u00c8GE<\/strong><\/p>\n<hr \/>\n<p style=\"text-align: center;\">\n<\/div>\n<\/div><\/div><\/div><div id=\"panel-262826-0-0-4\" class=\"so-panel widget widget_sow-editor\" data-index=\"4\" ><div\n\t\t\t\n\t\t\tclass=\"so-widget-sow-editor so-widget-sow-editor-base\"\n\t\t\t\n\t\t>\n<div class=\"siteorigin-widget-tinymce textwidget\">\n\t<p>Chez nous, vous ne trouverez pas seulement les meilleurs enseignants du vin en Russie, des experts exp\u00e9riment\u00e9s, passionn\u00e9s, charismatiques ;<br \/>\nnous avons \u00e9galement notre propre Coll\u00e8ge : les l\u00e9gendes vivantes de la viticulture fran\u00e7aise, le Meilleur Sommelier de France 2016 ou encore le propri\u00e9taire de la c\u00e9l\u00e8bre Tonnellerie. Ils se joindront \u00e0 nous par vid\u00e9oconf\u00e9rence dans le cadre de nos cours, et vous feront \u00e9galement passer les examens oraux pr\u00e9vus \u00e0 partir du 2\u00e8me niveau de la formation.<\/p>\n<p>Ga\u00ebtan Bouvier - Meilleur Sommelier de France 2016<br \/>\nPierre Cavin - Tonnellerie Cavin<br \/>\nMaxime Chapoutier - Maison M. Chapoutier (Rh\u00f4ne nord)<br \/>\nJean d\u2019Arthuys - Domaine de Terrebrune (Provence, Bandol)<br \/>\nAlphonse Mellot XVIII - Domaine Alphonse Mellot (Loire, Sancerre)<br \/>\nFerdinand Ruelle-Dudel - Domaine Franck Bonville (Champagne, C\u00f4te des Blancs)<br \/>\nWilliam Jacquin-Ponsot - Domaine Ponsot (Bourgogne, C\u00f4te de nuits)<br \/>\nAlexandre Perrin - Ch\u00e2teau Carbonnieux (Bordeaux, Pessac-L\u00e9ognan)<\/p>\n<\/div>\n<\/div><\/div><div id=\"panel-262826-0-0-5\" class=\"so-panel widget widget_sow-editor\" data-index=\"5\" ><div class=\"panel-widget-style panel-widget-style-for-262826-0-0-5\" ><div\n\t\t\t\n\t\t\tclass=\"so-widget-sow-editor so-widget-sow-editor-base\"\n\t\t\t\n\t\t>\n<div class=\"siteorigin-widget-tinymce textwidget\">\n\t<hr \/>\n<p style=\"text-align: center;\"><strong>NOS ATOUTS<\/strong><\/p>\n<hr \/>\n<p style=\"text-align: center;\">\n<\/div>\n<\/div><\/div><\/div><div id=\"panel-262826-0-0-6\" class=\"so-panel widget widget_sow-editor\" data-index=\"6\" ><div\n\t\t\t\n\t\t\tclass=\"so-widget-sow-editor so-widget-sow-editor-base\"\n\t\t\t\n\t\t>\n<div class=\"siteorigin-widget-tinymce textwidget\">\n\t<p style=\"text-align: center;\">Il existe \u00e0 Moscou de nombreux programmes de d\u00e9gustation et d'\u00e9ducation au vin du plus haut niveau. Mais Vinstitut est un petit morceau de France en Russie.<\/p>\n<p>&nbsp;<\/p>\n<ul>\n<li>Vinstitut a \u00e9t\u00e9 fond\u00e9 sur la base de la CCI France Russie. Les cours se d\u00e9roulent au sein de ses locaux dans le centre de Moscou.<\/li>\n<li>Les cours ont \u00e9t\u00e9 con\u00e7us et sont anim\u00e9s par des experts du vin, amoureux des vins fran\u00e7ais et de la viticulture fran\u00e7aise.<\/li>\n<li>\u00c0 l'Institut, vous apprendrez \u00e0 conna\u00eetre la viticulture mondiale \u00e0 travers le prisme de la culture et de l'histoire \u0153nologiques fran\u00e7aises.<\/li>\n<li>Nos dipl\u00f4m\u00e9s b\u00e9n\u00e9ficient de r\u00e9ductions exclusives de la part des entreprises commer\u00e7antes en vin partenaires du projet.<\/li>\n<\/ul>\n<\/div>\n<\/div><\/div><div id=\"panel-262826-0-0-7\" class=\"so-panel widget widget_sow-editor\" data-index=\"7\" ><div class=\"panel-widget-style panel-widget-style-for-262826-0-0-7\" ><div\n\t\t\t\n\t\t\tclass=\"so-widget-sow-editor so-widget-sow-editor-base\"\n\t\t\t\n\t\t>\n<div class=\"siteorigin-widget-tinymce textwidget\">\n\t<hr \/>\n<p style=\"text-align: center;\"><strong>CONTACTS<\/strong><\/p>\n<hr \/>\n<p style=\"text-align: center;\">\n<\/div>\n<\/div><\/div><\/div><div id=\"panel-262826-0-0-8\" class=\"so-panel widget widget_sow-editor panel-last-child\" data-index=\"8\" ><div class=\"panel-widget-style panel-widget-style-for-262826-0-0-8\" ><div\n\t\t\t\n\t\t\tclass=\"so-widget-sow-editor so-widget-sow-editor-base\"\n\t\t\t\n\t\t>\n<div class=\"siteorigin-widget-tinymce textwidget\">\n\t<p style=\"text-align: center;\">Site web : <a href=\"http:\/\/vinstitut.com\/\" target=\"_blank\" rel=\"noopener\">http:\/\/vinstitut.com\/<\/a><br \/>\n<a href=\"tel:+74957213828\">+7495 721 3828<\/a><br \/>\n<a href=\"tel:+79037803131\">+7903 780 3131<\/a><br \/>\n<a href=\"mailto:evgenia.ovcharova@ccifr.ru\" target=\"_blank\" rel=\"noopener\">evgenia.ovcharova@ccifr.ru<\/a><br \/>\n<a href=\"https:\/\/yandex.ru\/maps\/-\/CCUvVRutsD\" target=\"_blank\" rel=\"noopener\">Milioutinski pereoulok, 10, b\u00e2t.1, 101000 Moscou<\/a><\/p>\n<\/div>\n<\/div><\/div><\/div><\/div><\/div><\/div>","protected":false},"excerpt":{"rendered":"<p>\u00c0 PROPOS L&rsquo;\u00e9cole ind\u00e9pendante du vin Vinstitut a \u00e9t\u00e9 fond\u00e9 sur la base de la Chambre de Commerce et d&rsquo;Industrie &hellip;<\/p>\n","protected":false},"author":21617,"featured_media":0,"parent":0,"menu_order":0,"comment_status":"closed","ping_status":"closed","template":"","meta":{"inline_featured_image":false},"_links":{"self":[{"href":"https:\/\/www.ccifr.ru\/fr\/wp-json\/wp\/v2\/pages\/262826"}],"collection":[{"href":"https:\/\/www.ccifr.ru\/fr\/wp-json\/wp\/v2\/pages"}],"about":[{"href":"https:\/\/www.ccifr.ru\/fr\/wp-json\/wp\/v2\/types\/page"}],"author":[{"embeddable":true,"href":"https:\/\/www.ccifr.ru\/fr\/wp-json\/wp\/v2\/users\/21617"}],"replies":[{"embeddable":true,"href":"https:\/\/www.ccifr.ru\/fr\/wp-json\/wp\/v2\/comments?post=262826"}],"version-history":[{"count":7,"href":"https:\/\/www.ccifr.ru\/fr\/wp-json\/wp\/v2\/pages\/262826\/revisions"}],"predecessor-version":[{"id":262842,"href":"https:\/\/www.ccifr.ru\/fr\/wp-json\/wp\/v2\/pages\/262826\/revisions\/262842"}],"wp:attachment":[{"href":"https:\/\/www.ccifr.ru\/fr\/wp-json\/wp\/v2\/media?parent=262826"}],"curies":[{"name":"wp","href":"https:\/\/api.w.org\/{rel}","templated":true}]}}