{"id":27841,"date":"2018-06-09T15:54:58","date_gmt":"2018-06-09T12:54:58","guid":{"rendered":"http:\/\/ccifr.dev39.ru\/?page_id=27841"},"modified":"2019-01-17T17:15:17","modified_gmt":"2019-01-17T14:15:17","slug":"agreement","status":"publish","type":"page","link":"https:\/\/www.ccifr.ru\/fr\/agreement","title":{"rendered":"ACCORD SUR LE TRAITEMENT DES DONN\u00c9ES PERSONNELLES"},"content":{"rendered":"<p align=\"center\"><span style=\"font-size: 10pt;\"><span lang=\"fr-FR\"><b>1. Dispositions g\u00e9n\u00e9rales<\/b><\/span><\/span><\/p>\r\n<p align=\"justify\"><span style=\"font-size: 10pt;\"><span lang=\"fr-FR\">1.1 Le pr\u00e9sent Accord sur le traitement des donn\u00e9es personnelles (ci-apr\u00e8s \u00ab\u00a0Accord\u00a0\u00bb) a \u00e9t\u00e9 \u00e9labor\u00e9 en conformit\u00e9 avec la Loi f\u00e9d\u00e9rale \u00ab\u00a0Sur la protection des donn\u00e9es personnelles\u00a0\u00bb\u00a0N\u00b0152-FZ du 27 juillet 2006.<\/span><\/span><\/p>\r\n<p align=\"justify\"><span style=\"font-size: 10pt;\"><span lang=\"fr-FR\">1.2 L\u2019Accord s\u2019applique \u00e0 l\u2019ensemble des informations concernant l\u2019Utilisateur fournies sur le site\u00a0: <a href=\"http:\/\/www.ccifr.ru\/\">www.ccifr.ru<\/a> (ci-apr\u00e8s \u00ab\u00a0le site\u00a0\u00bb) dont peuvent avoir acc\u00e8s les visiteurs, les autres Utilisateurs ou les administrateurs lors de l\u2019utilisation du site ou des services propos\u00e9s sur celui-ci.<\/span><\/span><\/p>\r\n<p align=\"justify\"><span style=\"font-size: 10pt;\"><span lang=\"fr-FR\">1.3 L\u2019Accord s\u2019applique \u00e0 l\u2019op\u00e9rateur du site et les Utilisateurs<\/span><\/span><\/p>\r\n<p align=\"center\"><span style=\"font-size: 10pt;\"><span lang=\"fr-FR\"><b>2. Termes et d\u00e9finitions<\/b><\/span><\/span><\/p>\r\n<p align=\"justify\"><span style=\"font-size: 10pt;\"><span lang=\"fr-FR\"><b>2.1 Donn\u00e9es personnelles<\/b><\/span><span lang=\"fr-FR\">\u00a0: les informations que l\u2019Utilisateur fournit sur lui-m\u00eame lors de son inscription sur le site ou durant l\u2019utilisation des services propos\u00e9s par celui-ci. Elles prennent en compte\u00a0: nom, pr\u00e9nom, lieu de r\u00e9sidence, num\u00e9ro de t\u00e9l\u00e9phone, adresse e-mail et toute autre information fournie par l\u2019Utilisateur \u00e0 son enti\u00e8re discr\u00e9tion.<\/span>&lt;<\/span><\/p>\r\n<p align=\"justify\"><span style=\"font-size: 10pt;\"><span lang=\"fr-FR\"><b>2.2 Services<\/b><\/span><span lang=\"fr-FR\">\u00a0: abonnement \u00e0 la lettre d\u2019information, utilisation de l\u2019Espace membres, inscription aux \u00e9v\u00e9nements, t\u00e9l\u00e9chargement de mat\u00e9riaux, etc.<\/span><\/span><\/p>\r\n<p align=\"justify\"><span style=\"font-size: 10pt;\"><span lang=\"fr-FR\"><b>2.3 Utilisateur<\/b><\/span><span lang=\"fr-FR\">\u00a0: personne physique inscrite sur le site \u00e0 travers l\u2019Espace membres et utilisant les services du site.<\/span><\/span><\/p>\r\n<p align=\"justify\"><span style=\"font-size: 10pt;\"><span lang=\"fr-FR\"><b>2.4 Visiteur\u00a0<\/b><\/span><span lang=\"fr-FR\">: personne physique non-inscrite sur le site ayant acc\u00e8s \u00e0 certaines informations sur le site.<\/span><\/span><\/p>\r\n<p align=\"justify\"><span style=\"font-size: 10pt;\"><span lang=\"fr-FR\"><b>2.5 Espace membres\u00a0<\/b><\/span><span lang=\"fr-FR\">: page personnelle de l\u2019Utilisateur permettant l\u2019acc\u00e8s aux services du site.<\/span><\/span><\/p>\r\n<p align=\"justify\"><span style=\"font-size: 10pt;\"><span lang=\"fr-FR\"><b>2.6 Utilisation des donn\u00e9es personnelles\u00a0<\/b><\/span><span lang=\"fr-FR\">: actions et op\u00e9rations r\u00e9alis\u00e9es par l\u2019op\u00e9rateur avec les donn\u00e9es fournies par l\u2019Utilisateur\u00a0: collecte, enregistrement, classement, stockage, conservation, sp\u00e9cification (mises \u00e0 jour, modifications), r\u00e9cup\u00e9ration, utilisation, transmission (distribution, fourniture d\u2019acc\u00e8s), anonymisation, blocage, suppression et destruction des donn\u00e9es personnelles.<\/span><\/span><\/p>\r\n<p align=\"justify\"><span style=\"font-size: 10pt;\"><span lang=\"fr-FR\"><b>2.7 Op\u00e9rateur\u00a0<\/b><\/span><span lang=\"fr-FR\">: OOO \u00ab\u00a0CCIFR\u00a0\u00bb (INN 7733741570, OGRN 1107746615020) utilise les donn\u00e9es personnelles et d\u00e9finit les objectifs du traitement des donn\u00e9es, la composition des donn\u00e9es personnelles \u00e0 traiter et les op\u00e9rations effectu\u00e9es avec ces donn\u00e9es.<\/span><\/span><\/p>\r\n<p align=\"center\"><span style=\"font-size: 10pt;\"><span lang=\"fr-FR\"><b>3. Les objectifs du traitement des donn\u00e9es personnelles<\/b><\/span><\/span><\/p>\r\n<p align=\"justify\"><span style=\"font-size: 10pt;\"><span lang=\"fr-FR\">3.1 L\u2019Op\u00e9rateur collecte et conserve les donn\u00e9es personnelles de l\u2019utilisateur n\u00e9cessaires pour le fonctionnement des services propos\u00e9s par le site.<\/span><\/span><\/p>\r\n<p align=\"justify\"><span style=\"font-size: 10pt;\"><span lang=\"fr-FR\">3.2 L\u2019Op\u00e9rateur traite les donn\u00e9es personnelles de l\u2019utilisateur pour\u00a0:<\/span><\/span><\/p>\r\n<ul>\r\n\t<li><span style=\"font-size: 10pt;\">l\u2019identification de l\u2019utilisateur inscrit sur le site<\/span><\/li>\r\n\t<li><span style=\"font-size: 10pt;\">la cr\u00e9ation de l\u2019espace personnel de l\u2019utilisateur<\/span><\/li>\r\n\t<li><span style=\"font-size: 10pt;\">ouvrir l\u2019acc\u00e8s aux services \u00e0 l\u2019utilisateur<\/span><\/li>\r\n\t<li><span style=\"font-size: 10pt;\">\u00e9tablir un dialogue interactif permettant l\u2019envoi de notifications, les demandes de renseignements concernant l\u2019utilisation des services, le traitement des requ\u00eates et demandes de l\u2019utilisateur<\/span><\/li>\r\n\t<li><span style=\"font-size: 10pt;\">l\u2019abonnement \u00e0 la lettre d\u2019information<\/span><\/li>\r\n\t<li><span style=\"font-size: 10pt;\">l\u2019inscription aux \u00e9v\u00e9nements<\/span><\/li>\r\n<\/ul>\r\n<p align=\"center\"><span style=\"font-size: 10pt;\"><span lang=\"fr-FR\"><b>4. Les conditions du renseignement et du traitement des donn\u00e9es personnelles<\/b><\/span><\/span><\/p>\r\n<p align=\"justify\"><span style=\"font-size: 10pt;\"><span lang=\"fr-FR\">4.1 L\u2019Utilisateur renseigne des informations personnelles \u00e0 l\u2019Op\u00e9rateur en remplissant un questionnaire figurant sur le site et n\u00e9cessaire \u00e0 son inscription. En envoyant ses donn\u00e9es personnelles via le formulaire, l\u2019utilisateur consent au traitement de ses donn\u00e9es personnelles. Toute personne ayant communiqu\u00e9 ses donn\u00e9es personnelles dans le questionnaire ou d\u2019autres informations sur le site confirme son consentement au traitement des informations et \u00e0 leur transmission \u00e0 l\u2019Op\u00e9rateur du site.<\/span><\/span><\/p>\r\n<p align=\"justify\"><span style=\"font-size: 10pt;\"><span lang=\"fr-FR\">4.2 Le consentement au traitement des donn\u00e9es personnelles est valable pour une dur\u00e9e ind\u00e9termin\u00e9e \u00e0 compter du moment de l\u2019inscription de l\u2019Utilisateur sur le Site. L\u2019Utilisateur peut retirer son consentement en envoyant une demande \u00e9crite \u00e0 l\u2019adresse suivante\u00a0: 10 Milioutinski per. b\u00e2t.1, 101000 Moscou.<\/span><\/span><\/p>\r\n<p align=\"justify\"><span style=\"font-size: 10pt;\"><span lang=\"fr-FR\">4.3 L\u2019Op\u00e9rateur pr\u00e9serve la confidentialit\u00e9 des donn\u00e9es personnelles de l\u2019Utilisateur et n\u2019est pas en droit de les transmettre \u00e0 un tiers sauf dans les cas o\u00f9 cet \u00e9change d\u2019information est n\u00e9cessaire au regard de la loi et dans le cas o\u00f9 l\u2019Utilisateur souhaite partager volontairement ses donn\u00e9es personnelles aupr\u00e8s d\u2019un nombre illimit\u00e9 de personnes. Lors de l\u2019utilisation de certains services (Annuaire, inscription aux \u00e9v\u00e9nements, participation aux \u00e9v\u00e9nements en qualit\u00e9 d\u2019intervenant, etc.), l\u2019Utilisateur accepte qu\u2019une partie de ses donn\u00e9es personnelles devienne publique. Si un Utilisateur participe aux \u00e9v\u00e9nements organis\u00e9s par l\u2019Op\u00e9rateur, ce dernier est en droit de divulguer ces informations aux personnes participant \u00e0 l\u2019organisation de l\u2019\u00e9v\u00e9nement.<\/span><\/span><\/p>\r\n<p align=\"justify\"><span style=\"font-size: 10pt;\"><span lang=\"fr-FR\">4.4 Le traitement des donn\u00e9es personnelles de l\u2019Utilisateur est effectu\u00e9 sans limite dans le temps qui serait institu\u00e9e l\u00e9galement y compris dans les syst\u00e8mes d\u2019information des donn\u00e9es personnelles dot\u00e9s d\u2019outils d\u2019automatisation ou non. Le traitement des donn\u00e9es personnelles de l\u2019Utilisateur est effectu\u00e9 conform\u00e9ment \u00e0 la loi f\u00e9d\u00e9rale du 27.07.2006 N\u00b0152-FZ \u00ab\u00a0Sur les donn\u00e9es personnelles\u00a0\u00bb.<\/span><\/span><\/p>\r\n<p align=\"center\"><span style=\"font-size: 10pt;\"><span lang=\"fr-FR\"><b>5. Les obligations des parties<\/b><\/span><\/span><\/p>\r\n<p align=\"justify\"><span style=\"font-size: 10pt;\"><span lang=\"fr-FR\">5.1 L\u2019Utilisateur\u00a0:<\/span><\/span><\/p>\r\n<ul>\r\n\t<li><span style=\"font-size: 10pt;\">affirme que toutes les donn\u00e9es indiqu\u00e9es lui appartiennent personnellement<\/span><\/li>\r\n\t<li><span style=\"font-size: 10pt;\">confirme qu\u2019il a lu le pr\u00e9sent Accord sur le traitement des donn\u00e9es personnelles dans son int\u00e9gralit\u00e9<\/span><\/li>\r\n\t<li><span style=\"font-size: 10pt;\">confirme qu\u2019il a bien compris le texte de l\u2019Accord et les conditions de traitement des donn\u00e9es personnelles<\/span><\/li>\r\n\t<li><span style=\"font-size: 10pt;\">confirme qu\u2019en donnant son consentement au traitement des donn\u00e9es personnelles, nul n\u2019a forc\u00e9 sa volont\u00e9, il agit librement et dans son int\u00e9r\u00eat<\/span><\/li>\r\n\t<li><span style=\"font-size: 10pt;\">garantit que les informations fournies sont compl\u00e8tes, exactes, fiables et ne violent pas la l\u00e9gislation de la F\u00e9d\u00e9ration de Russie ou les droits et int\u00e9r\u00eats l\u00e9gitimes de tierces personnes<\/span><\/li>\r\n<\/ul>\r\n<p align=\"justify\"><span style=\"font-size: 10pt;\"><span lang=\"fr-FR\">5.2 L\u2019Op\u00e9rateur\u00a0:<\/span><\/span><\/p>\r\n<ul>\r\n\t<li><span style=\"font-size: 10pt;\">utilise ces donn\u00e9es uniquement aux fins \u00e9nonc\u00e9es \u00e0 l\u2019article 3 de l\u2019Accord<\/span><\/li>\r\n\t<li><span style=\"font-size: 10pt;\">assure l\u2019int\u00e9grit\u00e9 et la confidentialit\u00e9 des informations re\u00e7ues conform\u00e9ment \u00e0 l\u2019article 4 du pr\u00e9sent Accord<\/span><\/li>\r\n\t<li><span style=\"font-size: 10pt;\">prend en charge la destruction des donn\u00e9es personnelles \u00e0 la demande de l\u2019Utilisateur<\/span><\/li>\r\n<\/ul>\r\n<p align=\"center\"><span style=\"font-size: 10pt;\"><span lang=\"fr-FR\"><b>6. Dispositions finales<\/b><\/span><\/span><\/p>\r\n<p align=\"justify\"><span style=\"font-size: 10pt;\"><span lang=\"fr-FR\">6.1 L\u2019Op\u00e9rateur est en droit d\u2019apporter des modifications au pr\u00e9sent Accord. La nouvelle version de l\u2019Accord entre en vigueur d\u00e8s sa publication sauf disposition contraire dans la nouvelle version de l\u2019Accord.<\/span><\/span><\/p>\r\n<p align=\"justify\"><span style=\"font-size: 10pt;\"><span lang=\"fr-FR\">6.2 La version la plus r\u00e9cente de l\u2019Accord est publi\u00e9e \u00e0 l\u2019adresse:\u00a0<a href=\"\/fr\/agreement\/\">ACCORD SUR LE TRAITEMENT DES DONN\u00c9ES PERSONNELLES<\/a><\/span><\/span><\/p>","protected":false},"excerpt":{"rendered":"<p>1. Dispositions g\u00e9n\u00e9rales 1.1 Le pr\u00e9sent Accord sur le traitement des donn\u00e9es personnelles (ci-apr\u00e8s \u00ab\u00a0Accord\u00a0\u00bb) a \u00e9t\u00e9 \u00e9labor\u00e9 en conformit\u00e9 &hellip;<\/p>\n","protected":false},"author":2,"featured_media":0,"parent":0,"menu_order":0,"comment_status":"closed","ping_status":"closed","template":"","meta":{"inline_featured_image":false},"_links":{"self":[{"href":"https:\/\/www.ccifr.ru\/fr\/wp-json\/wp\/v2\/pages\/27841"}],"collection":[{"href":"https:\/\/www.ccifr.ru\/fr\/wp-json\/wp\/v2\/pages"}],"about":[{"href":"https:\/\/www.ccifr.ru\/fr\/wp-json\/wp\/v2\/types\/page"}],"author":[{"embeddable":true,"href":"https:\/\/www.ccifr.ru\/fr\/wp-json\/wp\/v2\/users\/2"}],"replies":[{"embeddable":true,"href":"https:\/\/www.ccifr.ru\/fr\/wp-json\/wp\/v2\/comments?post=27841"}],"version-history":[{"count":0,"href":"https:\/\/www.ccifr.ru\/fr\/wp-json\/wp\/v2\/pages\/27841\/revisions"}],"wp:attachment":[{"href":"https:\/\/www.ccifr.ru\/fr\/wp-json\/wp\/v2\/media?parent=27841"}],"curies":[{"name":"wp","href":"https:\/\/api.w.org\/{rel}","templated":true}]}}