{"id":28355,"date":"2018-07-18T12:45:45","date_gmt":"2018-07-18T09:45:45","guid":{"rendered":"http:\/\/ccifr.dev39.ru\/?page_id=28355"},"modified":"2019-12-03T12:21:47","modified_gmt":"2019-12-03T09:21:47","slug":"submit-resume","status":"publish","type":"page","link":"https:\/\/www.ccifr.ru\/fr\/submit-resume","title":{"rendered":"CV en ligne"},"content":{"rendered":"\n<form action=\"\/fr\/wp-json\/wp\/v2\/pages\/28355\" method=\"post\" id=\"submit-resume-form\" class=\"job-manager-form form\" enctype=\"multipart\/form-data\">\n\n\t\n\t\n\t\t    <div class=\"message\">\n        <div class=\"message__content\">\n            \n                Connectez-vous \u00e0 votre compte d'utilisateur. Si vous n'avez pas de compte d'utilisateur, vous pouvez en cr\u00e9er un en indiquant votre adresse \u00e9lectronique. Une confirmation avec votre mot de passe et votre identifiant vous sera envoy\u00e9e \u00e0 l'adresse indiqu\u00e9e\n                    <\/div>\n        <div class=\"message__button\">\n            <a class=\"btn btn_blue ccifr_btn rcl-login\" href=\"https:\/\/www.ccifr.ru\/wp-login.php?redirect_to=https%3A%2F%2Fwww.ccifr.ru%2Ffr%2Fsubmit-resume%3Fjob_id%3D0\">\n                Entrer            <\/a>\n        <\/div>\n    <\/div>\n\t\t\t\t\t\t\n\n\t\n\t\n\t\t<!-- Resume Fields -->\n\t\t        <div class=\"form__columns\">\n            <div class=\"form__column\">\n                <label class=\"form__group\">\n                    <input class=\"form__field\" type=\"text\" name=\"candidate_name\" required=\"required\" value=\"\">\n                    <span class=\"form__label\">Prenom*<\/span>\n                <\/label>\n            <\/div>\n            <div class=\"form__column\">\n                <label class=\"form__group\">\n                    <input class=\"form__field\" type=\"text\" name=\"candidate_surname\" required=\"required\" value=\"\">\n                    <span class=\"form__label\">Nom de famille*<\/span>\n                <\/label>\n            <\/div>\n        <\/div>\n        <div class=\"form__columns\">\n            <div class=\"form__column\">\n                <label class=\"form__group\">\n                    <input class=\"form__field\" type=\"email\" name=\"candidate_email\" required=\"required\" value=\"\">\n                    <span class=\"form__label\">E-mail*<\/span>\n                <\/label>\n            <\/div>\n            <div class=\"form__column\">\n                <label class=\"form__group\">\n                    <input class=\"form__field\" type=\"text\" name=\"candidate_location\" required=\"required\" value=\"\">\n                    <span class=\"form__label\">Lieu de r\u00e9sidence*<\/span>\n                <\/label>\n            <\/div>\n        <\/div>\n        <div class=\"form__columns\">\n\t\t\t                <div class=\"form__column\">\n                    <label class=\"form__group\">\n                        <div class=\"file\">\n                            <input type=\"file\" name=\"resume_file\" class=\"file__field\">\n                            <div class=\"field_title\">\n                                Fichier du CV*<br \/>\n                                <span class=\"file__title\" data-title=\"Taille maximum du fichier : 100 MB.\" data-filename=\"\">\n\t\t\t\t\t\t\t\t\tTaille maximum du fichier : 100 MB.\t\t\t\t\t\t\t\t<\/span>\n                            <\/div>\n                            <button class=\"btn btn_blue file__button\" type=\"button\">T\u00e9l\u00e9charger<\/button>\n                            <button class=\"btn file__delete_button\" type=\"button\" title=\"supprimer\"><i class=\"fa fa-trash-o\" aria-hidden=\"true\"><\/i><\/button>\n                            <input type=\"hidden\" name=\"current_resume_file\" value=\"\">\n                        <\/div>\n                    <\/label>\n                <\/div>\n\t\t\t            <div class=\"form__column\">\n                <label class=\"form__group\">\n                    <div class=\"file\">\n                        <input type=\"file\" id=\"thumbnail\" name=\"candidate_photo\" class=\"file__field\">\n                        <div class=\"field_title\">\n                            Photo  (non-obligatoire)<br \/>\n                            <span class=\"file__title\" data-title=\"Taille maximum du fichier : 100 MB.\" data-filename=\"\">\n\t\t\t\t\t\t\t\tTaille maximum du fichier : 100 MB.\t\t\t\t\t\t\t<\/span>\n                        <\/div>\n                        <button class=\"btn btn_blue file__button\" type=\"button\">T\u00e9l\u00e9charger<\/button>\n                        <button class=\"btn file__delete_button\" type=\"button\" title=\"supprimer\"><i class=\"fa fa-trash-o\" aria-hidden=\"true\"><\/i><\/button>\n                        <input type=\"hidden\" name=\"current_candidate_photo\" value=\"\">\n                    <\/div>\n                    <div class=\"candidate_photo\" style=\"padding-top: 10px;\">\n                                            <\/div>\n                <\/label>\n            <\/div>\n        <\/div>\n\n        <div class=\"form__columns\">\n            <div class=\"form__column resume_category\">\n\t\t\t\t<label class=\"form__group\" for=\"resume_category\">Types d'emploi*<span class=\"colon\"><\/span><\/label><ul class=\"job-manager-term-checklist job-manager-term-checklist-resume_category\">\n\n<li id='resume_category-335' class=\"popular-category\"><label class=\"selectit\"><input value=\"335\" type=\"checkbox\" name=\"tax_input[resume_category][]\" id=\"in-resume_category-335\"  \/> Stage<\/label><\/li>\n\n<li id='resume_category-338' class=\"popular-category\"><label class=\"selectit\"><input value=\"338\" type=\"checkbox\" name=\"tax_input[resume_category][]\" id=\"in-resume_category-338\"  \/> \u0421ontrat de projet<\/label><\/li>\n\n<li id='resume_category-555' class=\"popular-category\"><label class=\"selectit\"><input value=\"555\" type=\"checkbox\" name=\"tax_input[resume_category][]\" id=\"in-resume_category-555\"  \/> Temps plein<\/label><\/li>\n\n<li id='resume_category-554' class=\"popular-category\"><label class=\"selectit\"><input value=\"554\" type=\"checkbox\" name=\"tax_input[resume_category][]\" id=\"in-resume_category-554\"  \/> Temps partiel<\/label><\/li>\n\n<li id='resume_category-556' class=\"popular-category\"><label class=\"selectit\"><input value=\"556\" type=\"checkbox\" name=\"tax_input[resume_category][]\" id=\"in-resume_category-556\"  \/> Free-lance<\/label><\/li>\n<\/ul>\n            <\/div>\n            <div class=\"form__column candidate_show\">\n\t\t\t\t<label class=\"form__group\" for=\"candidate_show\">R\u00e9sum\u00e9 de visibilit\u00e9<span class=\"colon\"><\/span><\/label><input type=\"checkbox\" class=\"form__checkbox-input\" name=\"candidate_show\" id=\"candidate_show\"  value=\"1\"  \/>\n<label class=\"form__checkbox\" for=\"candidate_show\">Disponible pour les entreprises membres<\/label>\t\t\t\t<input type=\"checkbox\" class=\"form__checkbox-input\" name=\"candidate_show_company_only\" id=\"candidate_show_company_only\"  value=\"1\"  \/>\n<label class=\"form__checkbox\" for=\"candidate_show_company_only\">Accessible uniquement \u00e0 la soci\u00e9t\u00e9 qui a plac\u00e9 l'offre<\/label>            <\/div>\n        <\/div>\n\n\t\t                <div class=\"form__group resume_content\">\n                    <label for=\"resume_content\">\n\t\t\t\t\t\tPresentez-vous en bref*\t\t\t\t\t\t<span class=\"colon\"><\/span>\n\t\t\t\t\t<\/label>\n                    <div id=\"wp-resume_content-wrap\" class=\"wp-core-ui wp-editor-wrap tmce-active\"><link rel='stylesheet' id='dashicons-css' href='https:\/\/www.ccifr.ru\/wp-includes\/css\/dashicons.min.css?ver=6.1.10' type='text\/css' media='all' \/>\n<link rel='stylesheet' id='editor-buttons-css' href='https:\/\/www.ccifr.ru\/wp-includes\/css\/editor.min.css?ver=6.1.10' type='text\/css' media='all' \/>\n<div id=\"wp-resume_content-editor-container\" class=\"wp-editor-container\"><textarea class=\"wp-editor-area\" rows=\"8\" autocomplete=\"off\" cols=\"40\" name=\"resume_content\" id=\"resume_content\"><\/textarea><\/div>\n<\/div>\n\n                <\/div>\n\t\t                <div class=\"form__group links\">\n                    <label for=\"links\">\n\t\t\t\t\t\tLien sur votre portfolio, r\u00e9seaux sociaux ou site personnel (non-obligatoire)\t\t\t\t\t\t<span class=\"colon\"><\/span>\n\t\t\t\t\t<\/label>\n                    <div class=\"field\">\n<!-- \u0428\u0430\u0431\u043b\u043e\u043d \u0434\u043e\u0431\u0430\u0432\u043b\u044f\u0435\u043c\u043e\u0433\u043e \u043a\u043d\u043e\u043f\u043a\u043e\u0439 \u043f\u043e\u043b\u044f -->\n<a href=\"#\" class=\"resume-manager-add-row\" data-row=\"\n        &lt;div class=&quot;resume-manager-data-row&quot;&gt;\n        &lt;div class=&quot;inner-block&quot;&gt;\n            &lt;input type=&quot;hidden&quot; class=&quot;repeated-row-index&quot; name=&quot;repeated-row-links[]&quot; value=&quot;%%repeated-row-index%%&quot; \/&gt;\n\n                            &lt;div class=&quot;custom-repeater-block name&quot;&gt;\n\t\t\t\t\t                    &lt;input type=&quot;text&quot; class=&quot;form__field&quot; name=&quot;links_name_%%repeated-row-index%%&quot; id=&quot;name&quot; placeholder=&quot;Nom&quot; value=&quot;&quot; maxlength=&quot;&quot; required \/&gt;\n                &lt;\/div&gt;\n                            &lt;div class=&quot;custom-repeater-block url&quot;&gt;\n\t\t\t\t\t                    &lt;input type=&quot;text&quot; class=&quot;form__field&quot; name=&quot;links_url_%%repeated-row-index%%&quot; id=&quot;url&quot; placeholder=&quot;URL&quot; value=&quot;&quot; maxlength=&quot;&quot; required \/&gt;\n                &lt;\/div&gt;\n                        &lt;div class=&quot;delete-block&quot;&gt;\n                &lt;a href=&quot;#&quot; class=&quot;resume-manager-remove-row&quot;&gt;Supprimer&lt;\/a&gt;\n            &lt;\/div&gt;\n        &lt;\/div&gt;\n    &lt;\/div&gt;\n    \"\n>\n    <div class=\"additional-link\">\n        + Ajouter un lien    <\/div>\n<\/a>\n<\/div>                <\/div>\n\t\t                <div class=\"form__group candidate_education\">\n                    <label for=\"candidate_education\">\n\t\t\t\t\t\tFormation (au moins un)*\t\t\t\t\t\t<span class=\"colon\"><\/span>\n\t\t\t\t\t<\/label>\n                    <div class=\"field\">\n<!-- \u0428\u0430\u0431\u043b\u043e\u043d \u0434\u043e\u0431\u0430\u0432\u043b\u044f\u0435\u043c\u043e\u0433\u043e \u043a\u043d\u043e\u043f\u043a\u043e\u0439 \u043f\u043e\u043b\u044f -->\n<a href=\"#\" class=\"resume-manager-add-row\" data-row=\"\n        &lt;div class=&quot;resume-manager-data-row&quot;&gt;\n        &lt;div class=&quot;inner-block&quot;&gt;\n            &lt;input type=&quot;hidden&quot; class=&quot;repeated-row-index&quot; name=&quot;repeated-row-candidate_education[]&quot; value=&quot;%%repeated-row-index%%&quot; \/&gt;\n\n                            &lt;div class=&quot;custom-repeater-block location&quot;&gt;\n\t\t\t\t\t                    &lt;input type=&quot;text&quot; class=&quot;form__field&quot; name=&quot;candidate_education_location_%%repeated-row-index%%&quot; id=&quot;location&quot; placeholder=&quot;Etablissement&quot; value=&quot;&quot; maxlength=&quot;&quot; required \/&gt;\n                &lt;\/div&gt;\n                            &lt;div class=&quot;custom-repeater-block qualification&quot;&gt;\n\t\t\t\t\t                    &lt;input type=&quot;text&quot; class=&quot;form__field&quot; name=&quot;candidate_education_qualification_%%repeated-row-index%%&quot; id=&quot;qualification&quot; placeholder=&quot;Mati\u00e8re&quot; value=&quot;&quot; maxlength=&quot;&quot; required \/&gt;\n                &lt;\/div&gt;\n                            &lt;div class=&quot;custom-repeater-block petit\u00b7e ami\u00b7e&quot;&gt;\n\t\t\t\t\t                    &lt;input type=&quot;text&quot; class=&quot;form__field&quot; name=&quot;candidate_education_date_%%repeated-row-index%%&quot; id=&quot;date&quot; placeholder=&quot;Dates de d\u00e9but\/fin&quot; value=&quot;&quot; maxlength=&quot;&quot; required \/&gt;\n                &lt;\/div&gt;\n                            &lt;div class=&quot;custom-repeater-block notes&quot;&gt;\n\t\t\t\t\t                    &lt;textarea cols=&quot;20&quot; rows=&quot;3&quot; class=&quot;form__field&quot; name=&quot;candidate_education_notes_%%repeated-row-index%%&quot; id=&quot;notes&quot; placeholder=&quot;Commentaires&quot; maxlength=&quot;&quot; &gt;&lt;\/textarea&gt;\n                &lt;\/div&gt;\n                        &lt;div class=&quot;delete-block&quot;&gt;\n                &lt;a href=&quot;#&quot; class=&quot;resume-manager-remove-row&quot;&gt;Supprimer&lt;\/a&gt;\n            &lt;\/div&gt;\n        &lt;\/div&gt;\n    &lt;\/div&gt;\n    \"\n>\n    <div class=\"additional-link\">\n        + Ajouter une formation    <\/div>\n<\/a>\n<\/div>                <\/div>\n\t\t                <div class=\"form__group candidate_experience\">\n                    <label for=\"candidate_experience\">\n\t\t\t\t\t\tExp\u00e9rience professionnelle (au moins un) (non-obligatoire)\t\t\t\t\t\t<span class=\"colon\"><\/span>\n\t\t\t\t\t<\/label>\n                    <div class=\"field\">\n<!-- \u0428\u0430\u0431\u043b\u043e\u043d \u0434\u043e\u0431\u0430\u0432\u043b\u044f\u0435\u043c\u043e\u0433\u043e \u043a\u043d\u043e\u043f\u043a\u043e\u0439 \u043f\u043e\u043b\u044f -->\n<a href=\"#\" class=\"resume-manager-add-row\" data-row=\"\n        &lt;div class=&quot;resume-manager-data-row&quot;&gt;\n        &lt;div class=&quot;inner-block&quot;&gt;\n            &lt;input type=&quot;hidden&quot; class=&quot;repeated-row-index&quot; name=&quot;repeated-row-candidate_experience[]&quot; value=&quot;%%repeated-row-index%%&quot; \/&gt;\n\n                            &lt;div class=&quot;custom-repeater-block employer&quot;&gt;\n\t\t\t\t\t                    &lt;input type=&quot;text&quot; class=&quot;form__field&quot; name=&quot;candidate_experience_employer_%%repeated-row-index%%&quot; id=&quot;employer&quot; placeholder=&quot;Employeur&quot; value=&quot;&quot; maxlength=&quot;&quot; required \/&gt;\n                &lt;\/div&gt;\n                            &lt;div class=&quot;custom-repeater-block job_title&quot;&gt;\n\t\t\t\t\t                    &lt;input type=&quot;text&quot; class=&quot;form__field&quot; name=&quot;candidate_experience_job_title_%%repeated-row-index%%&quot; id=&quot;job_title&quot; placeholder=&quot;Poste&quot; value=&quot;&quot; maxlength=&quot;&quot; required \/&gt;\n                &lt;\/div&gt;\n                            &lt;div class=&quot;custom-repeater-block petit\u00b7e ami\u00b7e&quot;&gt;\n\t\t\t\t\t                    &lt;input type=&quot;text&quot; class=&quot;form__field&quot; name=&quot;candidate_experience_date_%%repeated-row-index%%&quot; id=&quot;date&quot; placeholder=&quot;Dates de d\u00e9but\/fin&quot; value=&quot;&quot; maxlength=&quot;&quot; required \/&gt;\n                &lt;\/div&gt;\n                            &lt;div class=&quot;custom-repeater-block notes&quot;&gt;\n\t\t\t\t\t                    &lt;textarea cols=&quot;20&quot; rows=&quot;3&quot; class=&quot;form__field&quot; name=&quot;candidate_experience_notes_%%repeated-row-index%%&quot; id=&quot;notes&quot; placeholder=&quot;Commentaires&quot; maxlength=&quot;&quot; &gt;&lt;\/textarea&gt;\n                &lt;\/div&gt;\n                        &lt;div class=&quot;delete-block&quot;&gt;\n                &lt;a href=&quot;#&quot; class=&quot;resume-manager-remove-row&quot;&gt;Supprimer&lt;\/a&gt;\n            &lt;\/div&gt;\n        &lt;\/div&gt;\n    &lt;\/div&gt;\n    \"\n>\n    <div class=\"additional-link\">\n        + Ajouter une exp\u00e9rience professionnelle    <\/div>\n<\/a>\n<\/div>                <\/div>\n\t\t        <div class=\"form__group form__group--no-margin-top form__group--no-padding-top\">\n\t\t\t<input type=\"checkbox\" class=\"form__checkbox-input\" name=\"no_experience\" id=\"no_experience\"  value=\"1\"  \/>\n<label class=\"form__checkbox\" for=\"no_experience\">Sans exp\u00e9rience<\/label>        <\/div>\n        <div class=\"form__group data_agreement\">\n\t\t\t<input type=\"checkbox\" class=\"form__checkbox-input\" name=\"data_agreement\" id=\"data_agreement\"  value=\"1\" required \/>\n<label class=\"form__checkbox\" for=\"data_agreement\">J'accepte les conditions de traitement des donn\u00e9es personnelles<\/label>        <\/div>\n\t\t\n\t\t<p>\n\t\t\t<input type=\"hidden\" id=\"_wpnonce\" name=\"_wpnonce\" value=\"9f14226263\" \/><input type=\"hidden\" name=\"_wp_http_referer\" value=\"\/fr\/wp-json\/wp\/v2\/pages\/28355\" \/>\t\t\t<input type=\"hidden\" name=\"resume_manager_form\" value=\"submit-resume\" \/>\n\t\t\t<input type=\"hidden\" name=\"resume_id\" value=\"0\" \/>\n\t\t\t<input type=\"hidden\" name=\"job_id\" value=\"0\" \/>\n\t\t\t<input type=\"hidden\" name=\"step\" value=\"0\" \/>\n\t\t\t<input type=\"submit\" name=\"submit_resume\" class=\"btn btn_blue\" value=\"Aper\u00e7u \u2192\" \/>\n\t\t<\/p>\n\n\t\n\t<\/form>\n","protected":false},"excerpt":{"rendered":"","protected":false},"author":2,"featured_media":0,"parent":0,"menu_order":0,"comment_status":"closed","ping_status":"closed","template":"pages\/layout.php","meta":{"inline_featured_image":false},"_links":{"self":[{"href":"https:\/\/www.ccifr.ru\/fr\/wp-json\/wp\/v2\/pages\/28355"}],"collection":[{"href":"https:\/\/www.ccifr.ru\/fr\/wp-json\/wp\/v2\/pages"}],"about":[{"href":"https:\/\/www.ccifr.ru\/fr\/wp-json\/wp\/v2\/types\/page"}],"author":[{"embeddable":true,"href":"https:\/\/www.ccifr.ru\/fr\/wp-json\/wp\/v2\/users\/2"}],"replies":[{"embeddable":true,"href":"https:\/\/www.ccifr.ru\/fr\/wp-json\/wp\/v2\/comments?post=28355"}],"version-history":[{"count":0,"href":"https:\/\/www.ccifr.ru\/fr\/wp-json\/wp\/v2\/pages\/28355\/revisions"}],"wp:attachment":[{"href":"https:\/\/www.ccifr.ru\/fr\/wp-json\/wp\/v2\/media?parent=28355"}],"curies":[{"name":"wp","href":"https:\/\/api.w.org\/{rel}","templated":true}]}}